{"id":13096,"date":"2019-05-28T09:42:34","date_gmt":"2019-05-28T07:42:34","guid":{"rendered":"http:\/\/lloretdemar.org\/lloret-de-mar-de-dia\/"},"modified":"2023-10-08T23:38:31","modified_gmt":"2023-10-08T21:38:31","slug":"lloret-de-mar-bei-tag","status":"publish","type":"page","link":"https:\/\/lloretdemar.org\/de\/was-sie-in-lloret-de-mar-tun-konnen\/lloret-de-mar-bei-tag\/","title":{"rendered":"Lloret de Mar bei Tag"},"content":{"rendered":"","protected":false},"excerpt":{"rendered":"","protected":false},"author":12,"featured_media":0,"parent":18644,"menu_order":0,"comment_status":"closed","ping_status":"closed","template":"page-templates\/dia-nit.php","meta":{"_acf_changed":false,"content-type":"","footnotes":""},"class_list":["post-13096","page","type-page","status-publish","hentry"],"acf":{"banner_imatge":13112,"banner_titol":"Lloret de Mar bei Tag ","banner_subtitol":"","botons_blanc_o_negres":"defecte","banner_links":[{"es_post":true,"banner_link":null,"link_intern":976,"link_intern_titol":"Str\u00e4nde"},{"es_post":true,"banner_link":{"title":"Cam\u00ed de Ronda","url":"http:\/\/lloretdemar.org\/que-fer-a-lloret\/cami-de-ronda\/","target":""},"link_intern":4181,"link_intern_titol":"K\u00fcstenwanderweg"},{"es_post":true,"banner_link":{"title":"Cultura","url":"http:\/\/lloretdemar.org\/que-fer-a-lloret\/cultura\/","target":""},"link_intern":1672,"link_intern_titol":"Kultur"},{"es_post":true,"banner_link":{"title":"Rutes","url":"http:\/\/lloretdemar.org\/rutes\/","target":""},"link_intern":4629,"link_intern_titol":"Wanderrouten"},{"es_post":true,"banner_link":{"title":"Festes Populars i esdeveniments","url":"http:\/\/lloretdemar.org","target":""},"link_intern":6619,"link_intern_titol":"Volksfeste und Veranstaltungen"},{"es_post":true,"banner_link":{"title":"Esports","url":"http:\/\/lloretdemar.org\/esports-i-activitats-aquatiques\/","target":""},"link_intern":4704,"link_intern_titol":"Gastronomie"},{"es_post":true,"banner_link":{"title":"Salut i benestar","url":"http:\/\/lloretdemar.org\/salut-i-benestar\/","target":""},"link_intern":14792,"link_intern_titol":"Abenteuer- und Wassersport"},{"es_post":true,"banner_link":{"title":"Compres","url":"http:\/\/lloretdemar.org\/compres\/","target":""},"link_intern":4991,"link_intern_titol":"Sport"},{"es_post":true,"banner_link":null,"link_intern":4679,"link_intern_titol":"Gesundheit und Wohlbefinden"},{"es_post":true,"banner_link":null,"link_intern":4684,"link_intern_titol":"Shopping"}],"pagina_dia":13096,"pagina_dia_titol":"Lloret de Mar bei Tag ","pagina_dia_descripcio":"Die K\u00fcstenstadt Lloret de Mar bietet Ihnen einzigartige Erlebnisse f\u00fcr einen unvergesslichen Urlaub.","titol_plans":"Wir schlagen die besten Pl\u00e4ne vor!","subtitol_plans":"W\u00e4hlen Sie aus, mit wem Sie kommen m\u00f6chten, und wir bieten Ihnen tausend M\u00f6glichkeiten, um Lloret de Mar in vollen Z\u00fcgen zu genie\u00dfen","pagina_nit":4688,"pagina_nit_titol":"Lloret de Mar bei Nacht ","pagina_nit_descripcio":"Lloret de Mar bietet Ihnen zahlreiche M\u00f6glichkeiten f\u00fcr ein gelungenes Nachtleben. ","apartats":[{"acf_fc_layout":"mosaic_fletxa","titol":"Das sollten Sie nicht verpassen!","subsubtitol":"","subtitol":"Alles, was Sie nach Sonnenaufgang nicht verpassen d\u00fcrfen.","tots_text":"","tots_link":"","mosaic":[{"titol":"Str\u00e4nde","subtitol":"","imatge":10096,"link_intern_o_extern":"intern","link_intern":976,"link_extern":null},{"titol":"K\u00fcstenwanderweg","subtitol":"","imatge":12770,"link_intern_o_extern":"intern","link_intern":4181,"link_extern":null},{"titol":"Kultur","subtitol":"","imatge":13123,"link_intern_o_extern":"intern","link_intern":1672,"link_extern":null},{"titol":"GASTRONOMIE","subtitol":"","imatge":13128,"link_intern_o_extern":"intern","link_intern":4704,"link_extern":null},{"titol":"Wanderrouten","subtitol":"","imatge":13116,"link_intern_o_extern":"intern","link_intern":4629,"link_extern":null},{"titol":"Volksfeste und Veranstaltungen","subtitol":"","imatge":7220,"link_intern_o_extern":"intern","link_intern":6619,"link_extern":null},{"titol":"Sport","subtitol":"","imatge":13115,"link_intern_o_extern":"intern","link_intern":4991,"link_extern":null},{"titol":"Gesundheit und Wohlbefinden","subtitol":"","imatge":13118,"link_intern_o_extern":"intern","link_intern":4679,"link_extern":null},{"titol":"Shopping","subtitol":"","imatge":13114,"link_intern_o_extern":"intern","link_intern":4684,"link_extern":null}]},{"acf_fc_layout":"video","video":"","video_youtube":"https:\/\/www.youtube.com\/watch?v=wenO6NeoxRY"},{"acf_fc_layout":"bloc_text","titol":"Lloret de Mar bei Tag ","subtitol":"In Lloret der Mar ist die Auswahl an Freizeit- und Abenteueraktivit\u00e4ten grenzenlos","descripcio":"Natur, Kultur, Spa\u00df, idyllische Str\u00e4nde, versteckte Buchten, Konzerte, Festivals oder die Cr\u00e8me de la Cr\u00e8me der mediterranen K\u00fcche. Lloret bietet Ihnen zahlreiche Sensationen f\u00fcr einen unvergesslichen Urlaub mit der Familie, f\u00fcr Paare, Jugendliche und Freunde...\r\n\r\nHier ist f\u00fcr jeden etwas dabei! Kommen Sie und \u00fcberzeugen Sie sich selbst!"},{"acf_fc_layout":"banner_vols_venir","imatge_fons":13109,"titol":"M\u00f6chten Sie Lloret de Mar besuchen? ","descripcio":"Organisieren Sie Ihren perfekten Aufenthalt","link":{"title":"Planen Sie Ihre Reise","url":"http:\/\/lloretdemar.org\/de\/planifica-el-teu-viatge\/","target":""}},{"acf_fc_layout":"blocs_color","color_fons":"#ece976","imatge_fons":13108,"titol":"","subtitol":"","blocs":[{"titol":"N\u00fctzliche Informationen","subtitol":"N\u00fctzliche Informationen f\u00fcr Ihren Aufenthalt in Lloret de Mar","descripcio":"","imatge":13338,"links":[{"link":{"title":"\u00d6ffnungszeiten und Lokale Feiertage ","url":"http:\/\/lloretdemar.org\/de\/sobre-lloret-de-mar\/informacio-practica-sobre-lloret-de-mar\/","target":""},"cta":"","boto_o_link":"link"},{"link":{"title":"Zustand der Str\u00e4nde","url":"http:\/\/lloretdemar.org\/de\/was-sie-in-lloret-de-mar-tun-konnen\/lloret-de-mar-bei-tag\/strande\/strandmanagement-in-lloret-de-mar\/","target":""},"cta":"","boto_o_link":"link"},{"link":{"title":"Firmenverzeichnis","url":"http:\/\/lloretdemar.org\/de\/sobre-lloret-de-mar\/directori-dempreses\/","target":""},"cta":"","boto_o_link":"link"}]},{"titol":"Mit diesen Ideen entdecken Sie alles, was Lloret de Mar f\u00fcr Ihren Urlaub zu bieten hat","subtitol":"Reisef\u00fchrer und  brosch\u00fcren","descripcio":"","imatge":13339,"links":[{"link":{"title":"Touristeninformationen ","url":"http:\/\/lloretdemar.org\/de\/planifica-el-teu-viatge\/oficines-de-turisme\/","target":""},"cta":"","boto_o_link":"link"}]}]},{"acf_fc_layout":"banner_visita_360","imatge_fons":13110,"titol":"Besuchen Sie Lloret\r\nin 360\u00ba","descripcio":"","link":{"title":"Ansicht \u2197","url":"http:\/\/airmedia.cat\/Tourturismelloret\/indextourlloretdemarturisme.html","target":""}}]},"yoast_head":"<!-- This site is optimized with the Yoast SEO plugin v27.5 - https:\/\/yoast.com\/product\/yoast-seo-wordpress\/ -->\n<title>Lloret de Mar bei Tag - Lloret de Mar<\/title>\n<meta name=\"robots\" content=\"index, follow, max-snippet:-1, max-image-preview:large, max-video-preview:-1\" \/>\n<link rel=\"canonical\" href=\"https:\/\/lloretdemar.org\/de\/was-sie-in-lloret-de-mar-tun-konnen\/lloret-de-mar-bei-tag\/\" \/>\n<meta property=\"og:locale\" content=\"de_DE\" \/>\n<meta property=\"og:type\" content=\"article\" \/>\n<meta property=\"og:title\" content=\"Lloret de Mar bei Tag - Lloret de Mar\" \/>\n<meta property=\"og:url\" content=\"https:\/\/lloretdemar.org\/de\/was-sie-in-lloret-de-mar-tun-konnen\/lloret-de-mar-bei-tag\/\" \/>\n<meta property=\"og:site_name\" content=\"Lloret de Mar\" \/>\n<meta property=\"article:publisher\" content=\"https:\/\/www.facebook.com\/Lloretturisme\" \/>\n<meta property=\"article:modified_time\" content=\"2023-10-08T21:38:31+00:00\" \/>\n<meta property=\"og:image\" content=\"https:\/\/lloretdemar.org\/wp-content\/uploads\/2020\/02\/slide-que-fer.jpg\" \/>\n\t<meta property=\"og:image:width\" content=\"1920\" \/>\n\t<meta property=\"og:image:height\" content=\"885\" \/>\n\t<meta property=\"og:image:type\" content=\"image\/jpeg\" \/>\n<meta name=\"twitter:card\" content=\"summary_large_image\" \/>\n<meta name=\"twitter:site\" content=\"@lloretturisme\" \/>\n<script type=\"application\/ld+json\" class=\"yoast-schema-graph\">{\"@context\":\"https:\\\/\\\/schema.org\",\"@graph\":[{\"@type\":\"WebPage\",\"@id\":\"https:\\\/\\\/lloretdemar.org\\\/de\\\/was-sie-in-lloret-de-mar-tun-konnen\\\/lloret-de-mar-bei-tag\\\/\",\"url\":\"https:\\\/\\\/lloretdemar.org\\\/de\\\/was-sie-in-lloret-de-mar-tun-konnen\\\/lloret-de-mar-bei-tag\\\/\",\"name\":\"Lloret de Mar bei Tag - Lloret de Mar\",\"isPartOf\":{\"@id\":\"https:\\\/\\\/lloretdemar.org\\\/de\\\/#website\"},\"datePublished\":\"2019-05-28T07:42:34+00:00\",\"dateModified\":\"2023-10-08T21:38:31+00:00\",\"description\":\"Lloret de Mar\",\"breadcrumb\":{\"@id\":\"https:\\\/\\\/lloretdemar.org\\\/de\\\/was-sie-in-lloret-de-mar-tun-konnen\\\/lloret-de-mar-bei-tag\\\/#breadcrumb\"},\"inLanguage\":\"de\",\"potentialAction\":[{\"@type\":\"ReadAction\",\"target\":[\"https:\\\/\\\/lloretdemar.org\\\/de\\\/was-sie-in-lloret-de-mar-tun-konnen\\\/lloret-de-mar-bei-tag\\\/\"]}]},{\"@type\":\"BreadcrumbList\",\"@id\":\"https:\\\/\\\/lloretdemar.org\\\/de\\\/was-sie-in-lloret-de-mar-tun-konnen\\\/lloret-de-mar-bei-tag\\\/#breadcrumb\",\"itemListElement\":[{\"@type\":\"ListItem\",\"position\":1,\"name\":\"Home\",\"item\":\"https:\\\/\\\/lloretdemar.org\\\/de\\\/\"},{\"@type\":\"ListItem\",\"position\":2,\"name\":\"Was Sie in Lloret de Mar tun k\u00f6nnen\",\"item\":\"https:\\\/\\\/lloretdemar.org\\\/de\\\/was-sie-in-lloret-de-mar-tun-konnen\\\/\"},{\"@type\":\"ListItem\",\"position\":3,\"name\":\"Lloret de Mar bei Tag\"}]},{\"@type\":\"WebSite\",\"@id\":\"https:\\\/\\\/lloretdemar.org\\\/de\\\/#website\",\"url\":\"https:\\\/\\\/lloretdemar.org\\\/de\\\/\",\"name\":\"Lloret de Mar\",\"description\":\"\",\"publisher\":{\"@id\":\"https:\\\/\\\/lloretdemar.org\\\/de\\\/#organization\"},\"potentialAction\":[{\"@type\":\"SearchAction\",\"target\":{\"@type\":\"EntryPoint\",\"urlTemplate\":\"https:\\\/\\\/lloretdemar.org\\\/de\\\/?s={search_term_string}\"},\"query-input\":{\"@type\":\"PropertyValueSpecification\",\"valueRequired\":true,\"valueName\":\"search_term_string\"}}],\"inLanguage\":\"de\"},{\"@type\":\"Organization\",\"@id\":\"https:\\\/\\\/lloretdemar.org\\\/de\\\/#organization\",\"name\":\"Lloret de Mar\",\"url\":\"https:\\\/\\\/lloretdemar.org\\\/de\\\/\",\"logo\":{\"@type\":\"ImageObject\",\"inLanguage\":\"de\",\"@id\":\"https:\\\/\\\/lloretdemar.org\\\/de\\\/#\\\/schema\\\/logo\\\/image\\\/\",\"url\":\"https:\\\/\\\/lloretdemar.org\\\/wp-content\\\/uploads\\\/2020\\\/05\\\/lloret-de-mar-logo.png\",\"contentUrl\":\"https:\\\/\\\/lloretdemar.org\\\/wp-content\\\/uploads\\\/2020\\\/05\\\/lloret-de-mar-logo.png\",\"width\":87,\"height\":38,\"caption\":\"Lloret de Mar\"},\"image\":{\"@id\":\"https:\\\/\\\/lloretdemar.org\\\/de\\\/#\\\/schema\\\/logo\\\/image\\\/\"},\"sameAs\":[\"https:\\\/\\\/www.facebook.com\\\/Lloretturisme\",\"https:\\\/\\\/x.com\\\/lloretturisme\",\"https:\\\/\\\/instagram.com\\\/lloretturisme\",\"https:\\\/\\\/www.youtube.com\\\/LloretTurisme\"]}]}<\/script>\n<!-- \/ Yoast SEO plugin. -->","yoast_head_json":{"title":"Lloret de Mar bei Tag - Lloret de Mar","robots":{"index":"index","follow":"follow","max-snippet":"max-snippet:-1","max-image-preview":"max-image-preview:large","max-video-preview":"max-video-preview:-1"},"canonical":"https:\/\/lloretdemar.org\/de\/was-sie-in-lloret-de-mar-tun-konnen\/lloret-de-mar-bei-tag\/","og_locale":"de_DE","og_type":"article","og_title":"Lloret de Mar bei Tag - Lloret de Mar","og_url":"https:\/\/lloretdemar.org\/de\/was-sie-in-lloret-de-mar-tun-konnen\/lloret-de-mar-bei-tag\/","og_site_name":"Lloret de Mar","article_publisher":"https:\/\/www.facebook.com\/Lloretturisme","article_modified_time":"2023-10-08T21:38:31+00:00","og_image":[{"width":1920,"height":885,"url":"https:\/\/lloretdemar.org\/wp-content\/uploads\/2020\/02\/slide-que-fer.jpg","type":"image\/jpeg"}],"twitter_card":"summary_large_image","twitter_site":"@lloretturisme","schema":{"@context":"https:\/\/schema.org","@graph":[{"@type":"WebPage","@id":"https:\/\/lloretdemar.org\/de\/was-sie-in-lloret-de-mar-tun-konnen\/lloret-de-mar-bei-tag\/","url":"https:\/\/lloretdemar.org\/de\/was-sie-in-lloret-de-mar-tun-konnen\/lloret-de-mar-bei-tag\/","name":"Lloret de Mar bei Tag - Lloret de Mar","isPartOf":{"@id":"https:\/\/lloretdemar.org\/de\/#website"},"datePublished":"2019-05-28T07:42:34+00:00","dateModified":"2023-10-08T21:38:31+00:00","description":"Lloret de Mar","breadcrumb":{"@id":"https:\/\/lloretdemar.org\/de\/was-sie-in-lloret-de-mar-tun-konnen\/lloret-de-mar-bei-tag\/#breadcrumb"},"inLanguage":"de","potentialAction":[{"@type":"ReadAction","target":["https:\/\/lloretdemar.org\/de\/was-sie-in-lloret-de-mar-tun-konnen\/lloret-de-mar-bei-tag\/"]}]},{"@type":"BreadcrumbList","@id":"https:\/\/lloretdemar.org\/de\/was-sie-in-lloret-de-mar-tun-konnen\/lloret-de-mar-bei-tag\/#breadcrumb","itemListElement":[{"@type":"ListItem","position":1,"name":"Home","item":"https:\/\/lloretdemar.org\/de\/"},{"@type":"ListItem","position":2,"name":"Was Sie in Lloret de Mar tun k\u00f6nnen","item":"https:\/\/lloretdemar.org\/de\/was-sie-in-lloret-de-mar-tun-konnen\/"},{"@type":"ListItem","position":3,"name":"Lloret de Mar bei Tag"}]},{"@type":"WebSite","@id":"https:\/\/lloretdemar.org\/de\/#website","url":"https:\/\/lloretdemar.org\/de\/","name":"Lloret de Mar","description":"","publisher":{"@id":"https:\/\/lloretdemar.org\/de\/#organization"},"potentialAction":[{"@type":"SearchAction","target":{"@type":"EntryPoint","urlTemplate":"https:\/\/lloretdemar.org\/de\/?s={search_term_string}"},"query-input":{"@type":"PropertyValueSpecification","valueRequired":true,"valueName":"search_term_string"}}],"inLanguage":"de"},{"@type":"Organization","@id":"https:\/\/lloretdemar.org\/de\/#organization","name":"Lloret de Mar","url":"https:\/\/lloretdemar.org\/de\/","logo":{"@type":"ImageObject","inLanguage":"de","@id":"https:\/\/lloretdemar.org\/de\/#\/schema\/logo\/image\/","url":"https:\/\/lloretdemar.org\/wp-content\/uploads\/2020\/05\/lloret-de-mar-logo.png","contentUrl":"https:\/\/lloretdemar.org\/wp-content\/uploads\/2020\/05\/lloret-de-mar-logo.png","width":87,"height":38,"caption":"Lloret de Mar"},"image":{"@id":"https:\/\/lloretdemar.org\/de\/#\/schema\/logo\/image\/"},"sameAs":["https:\/\/www.facebook.com\/Lloretturisme","https:\/\/x.com\/lloretturisme","https:\/\/instagram.com\/lloretturisme","https:\/\/www.youtube.com\/LloretTurisme"]}]}},"_links":{"self":[{"href":"https:\/\/lloretdemar.org\/de\/wp-json\/wp\/v2\/pages\/13096","targetHints":{"allow":["GET"]}}],"collection":[{"href":"https:\/\/lloretdemar.org\/de\/wp-json\/wp\/v2\/pages"}],"about":[{"href":"https:\/\/lloretdemar.org\/de\/wp-json\/wp\/v2\/types\/page"}],"author":[{"embeddable":true,"href":"https:\/\/lloretdemar.org\/de\/wp-json\/wp\/v2\/users\/12"}],"replies":[{"embeddable":true,"href":"https:\/\/lloretdemar.org\/de\/wp-json\/wp\/v2\/comments?post=13096"}],"version-history":[{"count":3,"href":"https:\/\/lloretdemar.org\/de\/wp-json\/wp\/v2\/pages\/13096\/revisions"}],"predecessor-version":[{"id":35018,"href":"https:\/\/lloretdemar.org\/de\/wp-json\/wp\/v2\/pages\/13096\/revisions\/35018"}],"up":[{"embeddable":true,"href":"https:\/\/lloretdemar.org\/de\/wp-json\/wp\/v2\/pages\/18644"}],"acf:post":[{"embeddable":true,"href":"https:\/\/lloretdemar.org\/de\/wp-json\/wp\/v2\/pages\/4688"},{"embeddable":true,"href":"https:\/\/lloretdemar.org\/de\/wp-json\/wp\/v2\/pages\/13096"}],"wp:attachment":[{"href":"https:\/\/lloretdemar.org\/de\/wp-json\/wp\/v2\/media?parent=13096"}],"curies":[{"name":"wp","href":"https:\/\/api.w.org\/{rel}","templated":true}]}}