{"id":13041,"date":"2019-05-28T09:42:21","date_gmt":"2019-05-28T07:42:21","guid":{"rendered":"http:\/\/lloretdemar.org\/planifica-el-teu-viatge\/"},"modified":"2023-10-09T00:38:24","modified_gmt":"2023-10-08T22:38:24","slug":"planen-sie-ihre-reise","status":"publish","type":"page","link":"https:\/\/lloretdemar.org\/de\/planen-sie-ihre-reise\/","title":{"rendered":"Planen Sie Ihre Reise"},"content":{"rendered":"","protected":false},"excerpt":{"rendered":"","protected":false},"author":12,"featured_media":0,"parent":0,"menu_order":0,"comment_status":"closed","ping_status":"closed","template":"page-templates\/com-arribar-5.php","meta":{"_acf_changed":false,"content-type":"","footnotes":""},"class_list":["post-13041","page","type-page","status-publish","hentry"],"acf":{"banner_imatge":13064,"banner_titol":"Planen Sie Ihre Reise nach Lloret de Mar    ","banner_subtitol":"","botons_blanc_o_negres":"defecte","banner_links":[{"es_post":false,"banner_link":{"title":"Anreise ","url":"http:\/\/lloretdemar.org\/de\/planifica-el-teu-viatge\/com-arribar-carretera\/","target":""},"link_intern":null,"link_intern_titol":""},{"es_post":false,"banner_link":{"title":"Unterk\u00fcnfte","url":"http:\/\/lloretdemar.org\/de\/planifica-el-teu-viatge\/on-dormir\/","target":""},"link_intern":null,"link_intern_titol":""},{"es_post":false,"banner_link":{"title":"Restaurants","url":"http:\/\/lloretdemar.org\/de\/planifica-el-teu-viatge\/on-menjar\/","target":""},"link_intern":null,"link_intern_titol":""},{"es_post":false,"banner_link":{"title":"Unterwegs in Lloret","url":"http:\/\/lloretdemar.org\/de\/planifica-el-teu-viatge\/moures-per-lloret\/","target":""},"link_intern":null,"link_intern_titol":""},{"es_post":false,"banner_link":{"title":"Lloret Hub","url":"http:\/\/lloretdemar.org\/de\/sobre-lloret-de-mar\/lloret-hub\/","target":""},"link_intern":null,"link_intern_titol":""},{"es_post":false,"banner_link":{"title":"Touristeninformationen","url":"http:\/\/lloretdemar.org\/de\/planifica-el-teu-viatge\/oficines-de-turisme\/","target":""},"link_intern":null,"link_intern_titol":""}],"apartats":[{"acf_fc_layout":"blocs_carretera","text":"<h1>Anreise<\/h1>\r\n<div>\r\n\r\nAlle Informationen f\u00fcr Ihre Anreise mit dem PKW, mit dem Zug oder mit dem Flugzeug\r\n\r\n<\/div>","blocs":[{"titol":"Nutzung des Stra\u00dfenverkehrs","imatge":13047,"link_intern_o_extern":"intern","link_intern":96,"link_extern":null},{"titol":"Mit dem Zug ","imatge":13048,"link_intern_o_extern":"intern","link_intern":564,"link_extern":null},{"titol":"Mit dem Flugzeug ","imatge":13046,"link_intern_o_extern":"intern","link_intern":566,"link_extern":null}]},{"acf_fc_layout":"grid_no_owl","titol":"\u00dcbernachtungsm\u00f6glichkeiten in Lloret de Mar","subtitol":"Das Unterkunftsangebot in Lloret de Mar bietet Optionen f\u00fcr alle Bed\u00fcrfnisse","descripcio":"Unsere Stadt bietet verschiedene Alternativen f\u00fcr jede Art von Besucher. In Lloret de Mar gibt es eine breite Auswahl an Unterk\u00fcnften: Hotels, Pensionen, Ferienwohnungen und Campingpl\u00e4tze.\r\n\r\nZudem ist das Hotelangebot in Lloret de Mar sehr breit gef\u00e4chert: Sie finden Familienhotels mit Wasserparks, die ideal sind um mit Ihrer Familie anzureisen. Sie k\u00f6nnen allerdings auch in Hotels f\u00fcr Erwachsene entspannen oder ein Hotel ausw\u00e4hlen, das sich auf mediterrane K\u00fcche spezialisert hat.","link_intern_o_extern":"extern","link_intern":103,"link_intern_title":"alle Unterk\u00fcnfte in Lloret de Mar ","link_extern":{"title":"Unterkunftsbrosch\u00fcre","url":"http:\/\/lloretdemar.org\/wp-content\/uploads\/2020\/03\/accommodation__services_2019.pdf","target":"_blank"},"grid":[{"imatge":13075,"titol":"Hotels","subtitol":"","enllac":{"title":"Unterkunftsangebot","url":"http:\/\/lloretdemar.org\/de\/planifica-el-teu-viatge\/on-dormir\/","target":""}},{"imatge":13074,"titol":"Pensionen","subtitol":"","enllac":{"title":"Unterkunftsangebot","url":"http:\/\/lloretdemar.org\/de\/planifica-el-teu-viatge\/on-dormir\/","target":""}},{"imatge":13076,"titol":"Ferienwohnungen","subtitol":"","enllac":{"title":"Unterkunftsangebot","url":"http:\/\/lloretdemar.org\/de\/planifica-el-teu-viatge\/on-dormir\/","target":""}},{"imatge":13077,"titol":"Campingpl\u00e4tze","subtitol":"","enllac":{"title":"Unterkunftsangebot","url":"http:\/\/lloretdemar.org\/de\/planifica-el-teu-viatge\/on-dormir\/","target":""}},{"imatge":7159,"titol":"Mietunternehmen \u2013 Unterk\u00fcnfte zur touristischen Nutzung","subtitol":"","enllac":{"title":"Unterkunftsangebot","url":"http:\/\/lloretdemar.org\/de\/planifica-el-teu-viatge\/on-dormir\/","target":""}}]},{"acf_fc_layout":"mosaic","titol":"Restaurants ","subtitol":"Einige Ideen f\u00fcr einen gelungenen Restaurantbesuch in Lloret de Mar","blocs":[{"titol":"Bars","imatge":9830,"link_intern_o_extern":"intern","link_intern":110,"link_extern":null},{"titol":"Eiscaf\u00e9s ","imatge":9817,"link_intern_o_extern":"intern","link_intern":110,"link_extern":null},{"titol":"Restaurants","imatge":10262,"link_intern_o_extern":"intern","link_intern":110,"link_extern":null}]},{"acf_fc_layout":"banner_massa","color_fons":"#d24b48","imatge_fons":13059,"imatges":[{"imatge":13058},{"imatge":13057},{"imatge":13056}],"text":"Planen Sie Ihren Aufenthalt in Lloret de Mar","link_intern_o_extern":"intern","link_intern":4117,"link_intern_title":"Reiseplanung","link_extern":""},{"acf_fc_layout":"mosaic","titol":"Unterwegs in Lloret de Mar","subtitol":"Mit dem Taxi, dem Bus, unterwegs im Mietauto, im Touristenbus oder auf einer Bootstour","blocs":[{"titol":"Zu Fu\u00df","imatge":13073,"link_intern_o_extern":"intern","link_intern":117,"link_extern":null},{"titol":"Stadtbus","imatge":34408,"link_intern_o_extern":"intern","link_intern":117,"link_extern":null},{"titol":"Taxis","imatge":13065,"link_intern_o_extern":"intern","link_intern":117,"link_extern":null},{"titol":"Fahrrad","imatge":13072,"link_intern_o_extern":"intern","link_intern":117,"link_extern":null},{"titol":"Fahrzeugvermietung","imatge":13061,"link_intern_o_extern":"intern","link_intern":117,"link_extern":null},{"titol":"Parkpl\u00e4tze ","imatge":13067,"link_intern_o_extern":"intern","link_intern":117,"link_extern":null},{"titol":"Open Garden Tour","imatge":13062,"link_intern_o_extern":"intern","link_intern":117,"link_extern":null},{"titol":"Schiffsverkehr","imatge":13069,"link_intern_o_extern":"intern","link_intern":117,"link_extern":null}]},{"acf_fc_layout":"blocs_color","color_fons":"#0ba895","imatge_fons":13060,"titol":"Touristeninformation in Lloret de Mar","subtitol":"","blocs":[{"titol":"Kommen Sie vorbei und wir beantworten all Ihre Fragen ","subtitol":"Touristeninformation in Lloret de Mar","descripcio":"","imatge":7199,"links":[{"link":{"title":"Hier k\u00f6nnen Sie uns finden","url":"http:\/\/lloretdemar.org\/de\/planifica-el-teu-viatge\/oficines-de-turisme\/","target":""},"cta":"<!--HubSpot Call-to-Action Code --><span class=\"hs-cta-wrapper\" id=\"hs-cta-wrapper-215ea8c6-ab10-4d62-8713-959e4d7b4c8c\"><span class=\"hs-cta-node hs-cta-215ea8c6-ab10-4d62-8713-959e4d7b4c8c\" id=\"hs-cta-215ea8c6-ab10-4d62-8713-959e4d7b4c8c\"><!--[if lte IE 8]><div id=\"hs-cta-ie-element\"><\/div><![endif]--><a href=\"https:\/\/cta-redirect.hubspot.com\/cta\/redirect\/4468071\/215ea8c6-ab10-4d62-8713-959e4d7b4c8c\" ><img class=\"hs-cta-img\" id=\"hs-cta-img-215ea8c6-ab10-4d62-8713-959e4d7b4c8c\" style=\"border-width:0px;\" src=\"https:\/\/no-cache.hubspot.com\/cta\/default\/4468071\/215ea8c6-ab10-4d62-8713-959e4d7b4c8c.png\" alt=\"Ver d\u00f3nde encontrarnos\"\/><\/a><\/span><script charset=\"utf-8\" src=\"https:\/\/js.hscta.net\/cta\/current.js\"><\/script><script type=\"text\/javascript\"> hbspt.cta.load(4468071, '215ea8c6-ab10-4d62-8713-959e4d7b4c8c', {}); <\/script><\/span><!-- end HubSpot Call-to-Action Code -->\r\n","boto_o_link":"boto"}]},{"titol":"Entdecken Sie alle Geheimnisse von Lloret de Mar auf einer unserer Stadtf\u00fchrungen ","subtitol":"Stadtf\u00fchrungen ","descripcio":"","imatge":7205,"links":[{"link":{"title":"Alle verf\u00fcgbaren Stadtf\u00fchrungen anzeigen ","url":"http:\/\/lloretdemar.org\/de\/activitat\/stadtfuhrungen\/","target":""},"cta":"<!--HubSpot Call-to-Action Code --><span class=\"hs-cta-wrapper\" id=\"hs-cta-wrapper-489e91cf-1a3e-463c-94ac-a21287291a18\"><span class=\"hs-cta-node hs-cta-489e91cf-1a3e-463c-94ac-a21287291a18\" id=\"hs-cta-489e91cf-1a3e-463c-94ac-a21287291a18\"><!--[if lte IE 8]><div id=\"hs-cta-ie-element\"><\/div><![endif]--><a href=\"https:\/\/cta-redirect.hubspot.com\/cta\/redirect\/4468071\/489e91cf-1a3e-463c-94ac-a21287291a18\" ><img class=\"hs-cta-img\" id=\"hs-cta-img-489e91cf-1a3e-463c-94ac-a21287291a18\" style=\"border-width:0px;\" src=\"https:\/\/no-cache.hubspot.com\/cta\/default\/4468071\/489e91cf-1a3e-463c-94ac-a21287291a18.png\" alt=\"Ver todas las visitas guiadas disponibles\"\/><\/a><\/span><script charset=\"utf-8\" src=\"https:\/\/js.hscta.net\/cta\/current.js\"><\/script><script type=\"text\/javascript\"> hbspt.cta.load(4468071, '489e91cf-1a3e-463c-94ac-a21287291a18', {}); <\/script><\/span><!-- end HubSpot Call-to-Action Code -->\r\n","boto_o_link":"boto"}]}]}],"blocs_grid_titol":"","blocs_grid_subtitol":"","blocs_grid":null,"blocs_grid_link":"","blocs_grid_post_titol":"","blocs_grid_post_subtitol":"","blocs_grid_post_link":"","blocs_grid_post":null,"color_fons":"","imatge_fons":"","blocs_rosa_titol":"","blocs_rosa_subtitol":"","blocs_rosa":null},"yoast_head":"<!-- This site is optimized with the Yoast SEO plugin v27.5 - https:\/\/yoast.com\/product\/yoast-seo-wordpress\/ -->\n<title>Planen Sie Ihre Reise - Lloret de Mar<\/title>\n<meta name=\"robots\" content=\"index, follow, max-snippet:-1, max-image-preview:large, max-video-preview:-1\" \/>\n<link rel=\"canonical\" href=\"https:\/\/lloretdemar.org\/de\/planen-sie-ihre-reise\/\" \/>\n<meta property=\"og:locale\" content=\"de_DE\" \/>\n<meta property=\"og:type\" content=\"article\" \/>\n<meta property=\"og:title\" content=\"Planen Sie Ihre Reise - Lloret de Mar\" \/>\n<meta property=\"og:url\" content=\"https:\/\/lloretdemar.org\/de\/planen-sie-ihre-reise\/\" \/>\n<meta property=\"og:site_name\" content=\"Lloret de Mar\" \/>\n<meta property=\"article:publisher\" content=\"https:\/\/www.facebook.com\/Lloretturisme\" \/>\n<meta property=\"article:modified_time\" content=\"2023-10-08T22:38:24+00:00\" \/>\n<meta property=\"og:image\" content=\"https:\/\/lloretdemar.org\/wp-content\/uploads\/2020\/02\/slide-planifica.jpg\" \/>\n\t<meta property=\"og:image:width\" content=\"1920\" \/>\n\t<meta property=\"og:image:height\" content=\"885\" \/>\n\t<meta property=\"og:image:type\" content=\"image\/jpeg\" \/>\n<meta name=\"twitter:card\" content=\"summary_large_image\" \/>\n<meta name=\"twitter:site\" content=\"@lloretturisme\" \/>\n<script type=\"application\/ld+json\" class=\"yoast-schema-graph\">{\"@context\":\"https:\\\/\\\/schema.org\",\"@graph\":[{\"@type\":\"WebPage\",\"@id\":\"https:\\\/\\\/lloretdemar.org\\\/de\\\/planen-sie-ihre-reise\\\/\",\"url\":\"https:\\\/\\\/lloretdemar.org\\\/de\\\/planen-sie-ihre-reise\\\/\",\"name\":\"Planen Sie Ihre Reise - Lloret de Mar\",\"isPartOf\":{\"@id\":\"https:\\\/\\\/lloretdemar.org\\\/de\\\/#website\"},\"datePublished\":\"2019-05-28T07:42:21+00:00\",\"dateModified\":\"2023-10-08T22:38:24+00:00\",\"description\":\"Lloret de Mar\",\"breadcrumb\":{\"@id\":\"https:\\\/\\\/lloretdemar.org\\\/de\\\/planen-sie-ihre-reise\\\/#breadcrumb\"},\"inLanguage\":\"de\",\"potentialAction\":[{\"@type\":\"ReadAction\",\"target\":[\"https:\\\/\\\/lloretdemar.org\\\/de\\\/planen-sie-ihre-reise\\\/\"]}]},{\"@type\":\"BreadcrumbList\",\"@id\":\"https:\\\/\\\/lloretdemar.org\\\/de\\\/planen-sie-ihre-reise\\\/#breadcrumb\",\"itemListElement\":[{\"@type\":\"ListItem\",\"position\":1,\"name\":\"Home\",\"item\":\"https:\\\/\\\/lloretdemar.org\\\/de\\\/\"},{\"@type\":\"ListItem\",\"position\":2,\"name\":\"Planen Sie Ihre Reise\"}]},{\"@type\":\"WebSite\",\"@id\":\"https:\\\/\\\/lloretdemar.org\\\/de\\\/#website\",\"url\":\"https:\\\/\\\/lloretdemar.org\\\/de\\\/\",\"name\":\"Lloret de Mar\",\"description\":\"\",\"publisher\":{\"@id\":\"https:\\\/\\\/lloretdemar.org\\\/de\\\/#organization\"},\"potentialAction\":[{\"@type\":\"SearchAction\",\"target\":{\"@type\":\"EntryPoint\",\"urlTemplate\":\"https:\\\/\\\/lloretdemar.org\\\/de\\\/?s={search_term_string}\"},\"query-input\":{\"@type\":\"PropertyValueSpecification\",\"valueRequired\":true,\"valueName\":\"search_term_string\"}}],\"inLanguage\":\"de\"},{\"@type\":\"Organization\",\"@id\":\"https:\\\/\\\/lloretdemar.org\\\/de\\\/#organization\",\"name\":\"Lloret de Mar\",\"url\":\"https:\\\/\\\/lloretdemar.org\\\/de\\\/\",\"logo\":{\"@type\":\"ImageObject\",\"inLanguage\":\"de\",\"@id\":\"https:\\\/\\\/lloretdemar.org\\\/de\\\/#\\\/schema\\\/logo\\\/image\\\/\",\"url\":\"https:\\\/\\\/lloretdemar.org\\\/wp-content\\\/uploads\\\/2020\\\/05\\\/lloret-de-mar-logo.png\",\"contentUrl\":\"https:\\\/\\\/lloretdemar.org\\\/wp-content\\\/uploads\\\/2020\\\/05\\\/lloret-de-mar-logo.png\",\"width\":87,\"height\":38,\"caption\":\"Lloret de Mar\"},\"image\":{\"@id\":\"https:\\\/\\\/lloretdemar.org\\\/de\\\/#\\\/schema\\\/logo\\\/image\\\/\"},\"sameAs\":[\"https:\\\/\\\/www.facebook.com\\\/Lloretturisme\",\"https:\\\/\\\/x.com\\\/lloretturisme\",\"https:\\\/\\\/instagram.com\\\/lloretturisme\",\"https:\\\/\\\/www.youtube.com\\\/LloretTurisme\"]}]}<\/script>\n<!-- \/ Yoast SEO plugin. -->","yoast_head_json":{"title":"Planen Sie Ihre Reise - Lloret de Mar","robots":{"index":"index","follow":"follow","max-snippet":"max-snippet:-1","max-image-preview":"max-image-preview:large","max-video-preview":"max-video-preview:-1"},"canonical":"https:\/\/lloretdemar.org\/de\/planen-sie-ihre-reise\/","og_locale":"de_DE","og_type":"article","og_title":"Planen Sie Ihre Reise - Lloret de Mar","og_url":"https:\/\/lloretdemar.org\/de\/planen-sie-ihre-reise\/","og_site_name":"Lloret de Mar","article_publisher":"https:\/\/www.facebook.com\/Lloretturisme","article_modified_time":"2023-10-08T22:38:24+00:00","og_image":[{"width":1920,"height":885,"url":"https:\/\/lloretdemar.org\/wp-content\/uploads\/2020\/02\/slide-planifica.jpg","type":"image\/jpeg"}],"twitter_card":"summary_large_image","twitter_site":"@lloretturisme","schema":{"@context":"https:\/\/schema.org","@graph":[{"@type":"WebPage","@id":"https:\/\/lloretdemar.org\/de\/planen-sie-ihre-reise\/","url":"https:\/\/lloretdemar.org\/de\/planen-sie-ihre-reise\/","name":"Planen Sie Ihre Reise - Lloret de Mar","isPartOf":{"@id":"https:\/\/lloretdemar.org\/de\/#website"},"datePublished":"2019-05-28T07:42:21+00:00","dateModified":"2023-10-08T22:38:24+00:00","description":"Lloret de Mar","breadcrumb":{"@id":"https:\/\/lloretdemar.org\/de\/planen-sie-ihre-reise\/#breadcrumb"},"inLanguage":"de","potentialAction":[{"@type":"ReadAction","target":["https:\/\/lloretdemar.org\/de\/planen-sie-ihre-reise\/"]}]},{"@type":"BreadcrumbList","@id":"https:\/\/lloretdemar.org\/de\/planen-sie-ihre-reise\/#breadcrumb","itemListElement":[{"@type":"ListItem","position":1,"name":"Home","item":"https:\/\/lloretdemar.org\/de\/"},{"@type":"ListItem","position":2,"name":"Planen Sie Ihre Reise"}]},{"@type":"WebSite","@id":"https:\/\/lloretdemar.org\/de\/#website","url":"https:\/\/lloretdemar.org\/de\/","name":"Lloret de Mar","description":"","publisher":{"@id":"https:\/\/lloretdemar.org\/de\/#organization"},"potentialAction":[{"@type":"SearchAction","target":{"@type":"EntryPoint","urlTemplate":"https:\/\/lloretdemar.org\/de\/?s={search_term_string}"},"query-input":{"@type":"PropertyValueSpecification","valueRequired":true,"valueName":"search_term_string"}}],"inLanguage":"de"},{"@type":"Organization","@id":"https:\/\/lloretdemar.org\/de\/#organization","name":"Lloret de Mar","url":"https:\/\/lloretdemar.org\/de\/","logo":{"@type":"ImageObject","inLanguage":"de","@id":"https:\/\/lloretdemar.org\/de\/#\/schema\/logo\/image\/","url":"https:\/\/lloretdemar.org\/wp-content\/uploads\/2020\/05\/lloret-de-mar-logo.png","contentUrl":"https:\/\/lloretdemar.org\/wp-content\/uploads\/2020\/05\/lloret-de-mar-logo.png","width":87,"height":38,"caption":"Lloret de Mar"},"image":{"@id":"https:\/\/lloretdemar.org\/de\/#\/schema\/logo\/image\/"},"sameAs":["https:\/\/www.facebook.com\/Lloretturisme","https:\/\/x.com\/lloretturisme","https:\/\/instagram.com\/lloretturisme","https:\/\/www.youtube.com\/LloretTurisme"]}]}},"_links":{"self":[{"href":"https:\/\/lloretdemar.org\/de\/wp-json\/wp\/v2\/pages\/13041","targetHints":{"allow":["GET"]}}],"collection":[{"href":"https:\/\/lloretdemar.org\/de\/wp-json\/wp\/v2\/pages"}],"about":[{"href":"https:\/\/lloretdemar.org\/de\/wp-json\/wp\/v2\/types\/page"}],"author":[{"embeddable":true,"href":"https:\/\/lloretdemar.org\/de\/wp-json\/wp\/v2\/users\/12"}],"replies":[{"embeddable":true,"href":"https:\/\/lloretdemar.org\/de\/wp-json\/wp\/v2\/comments?post=13041"}],"version-history":[{"count":3,"href":"https:\/\/lloretdemar.org\/de\/wp-json\/wp\/v2\/pages\/13041\/revisions"}],"predecessor-version":[{"id":35028,"href":"https:\/\/lloretdemar.org\/de\/wp-json\/wp\/v2\/pages\/13041\/revisions\/35028"}],"wp:attachment":[{"href":"https:\/\/lloretdemar.org\/de\/wp-json\/wp\/v2\/media?parent=13041"}],"curies":[{"name":"wp","href":"https:\/\/api.w.org\/{rel}","templated":true}]}}