{"id":12695,"date":"2019-05-23T09:44:13","date_gmt":"2019-05-23T07:44:13","guid":{"rendered":"http:\/\/lloretdemar.org\/home\/"},"modified":"2026-04-30T10:15:50","modified_gmt":"2026-04-30T08:15:50","slug":"home","status":"publish","type":"page","link":"https:\/\/lloretdemar.org\/de\/","title":{"rendered":"Home"},"content":{"rendered":"","protected":false},"excerpt":{"rendered":"","protected":false},"author":12,"featured_media":12751,"parent":0,"menu_order":0,"comment_status":"closed","ping_status":"closed","template":"page-templates\/home.php","meta":{"_acf_changed":false,"content-type":"","footnotes":""},"class_list":["post-12695","page","type-page","status-publish","has-post-thumbnail","hentry"],"acf":{"slider":[{"titol":"Lloret de Mar, Highlight der Costa Brava","subtitol":"Magische Orte, an denen Sie einen unvergesslichen Aufenthalt genie\u00dfen k\u00f6nnen","imatge":34119,"text_link":"K\u00fcstenwanderweg","intern_extern":false,"link":"","link_extern":{"title":"","url":"https:\/\/mylloret.lloretdemar.org\/ca\/lloret-family","target":"_blank"},"localitzacio_imatge":""},{"titol":"#LloretFamilySpoilers","subtitol":"","imatge":34125,"text_link":"","intern_extern":true,"link":"","link_extern":"","localitzacio_imatge":""},{"titol":"Die Spuren der \u201eIndianos\u201c in Lloret de Mar","subtitol":"Entdecken Sie ein kulturelles Erbe","imatge":34131,"text_link":"INDIANS","intern_extern":false,"link":13970,"link_extern":[""],"localitzacio_imatge":""},{"titol":"Eine einzigartige Landschaft mit Meer und Bergen","subtitol":"Unser Naturerbe, 100 % Costa Brava","imatge":34137,"text_link":"Str\u00e4nde","intern_extern":false,"link":13724,"link_extern":null,"localitzacio_imatge":""}],"titol_plans":"Die besten Ideen f\u00fcr Ihre Urlaubsplanung !","subtitol_plans":"W\u00e4hlen Sie aus, mit wem Sie verreisen m\u00f6chten, und wir schlagen Ihnen zahlreiche M\u00f6glichkeiten vor, wie Sie das Beste aus Ihrer Zeit in Lloret de Mar machen k\u00f6nnen.","titol_configurador":"PLANEN SIE \r\nIHREN AUFENTHALT","subtitol_configurador":"ECKEN, ROUTEN UND CHARME","boto_configurador":"PLANEN SIE IHRE REISE","subtitol_agenda":"In Lloret gibt es jeden Tag etwas zu erleben","boto_agenda":"Veranstaltungskalender ","esdeveniments_agenda":[{"esdeveniment":44869},{"esdeveniment":44692},{"esdeveniment":44774},{"esdeveniment":43121}],"text_banner":"All you can <span>be<\/span>","imatge_banner":"","link_banner":{"title":"","url":"https:\/\/mylloret.lloretdemar.org\/","target":"","0":""},"titol_destacados_home":"Ausgezeichnet","destacados_bloques_home":[{"titol":"","imatge":27223,"link":{"title":"","url":"http:\/\/bit.ly\/envia-missatge-WhatsApp","target":""}},{"titol":"","imatge":43656,"link":{"title":"","url":"https:\/\/donamarinera.lloretdemar.org\/","target":"_blank"}},{"titol":"","imatge":45149,"link":{"title":"","url":"https:\/\/lloretdemar.org\/de\/Veranstaltungskalendar\/gastronomische-reistage-2026\/","target":"_blank"}},{"titol":"","imatge":43601,"link":{"title":"","url":"https:\/\/events.lloretdemar.org\/en","target":"_blank"}},{"titol":"","imatge":37094,"link":{"title":"","url":"https:\/\/maps.lloretdemar.org\/de\/aparcaments-a-lloret#1768296141176","target":"_blank"}},{"titol":"","imatge":38197,"link":{"title":"Lloret Sostenible by Bioscore","url":"https:\/\/lloretsosteniblebybioscore.lloretdemar.org\/en","target":"_blank"}},{"titol":"","imatge":44420,"link":{"title":"","url":"https:\/\/maps.lloretdemar.org\/de\/lloret-adventure#1772697974012","target":"_blank"}},{"titol":"","imatge":40371,"link":{"title":"Lloreat Good","url":"https:\/\/mylloret.lloretdemar.org\/hubfs\/Publicacions%20definitives\/LlorEatGood.pdf","target":"_blank"}},{"titol":"","imatge":30631,"link":{"title":"","url":"https:\/\/maps.lloretdemar.org\/de\/karten-von-lloret-de-mar","target":"_blank"}},{"titol":"","imatge":29685,"link":{"title":"","url":"https:\/\/lloretdemar.org\/en\/agenda\/miniclub-lloret-miniclub-fenals\/","target":"_blank"}},{"titol":"","imatge":28834,"link":{"title":"","url":"https:\/\/tickets.lloretdemar.org\/ca","target":"_blank"}},{"titol":"","imatge":22056,"link":""}],"home_mosaic_fletxa":{"titol":"Das sollten Sie nicht verpassen!","subsubtitol":"Lloret de Mar bietet das ganze Jahr \u00fcber gro\u00dfartige Erlebnisse","subtitol":"Diese Orte sollten Sie bei Ihrem Besuch in Lloret de Mar auf keinen Fall verpassen: die G\u00e4rten von Santa Clotilde, das Meeresmuseum, die Kirche Sant Rom\u00e0 oder den modernistischen Friedhof. Dies sind nur einige der sehenswertesten Orte unserer Gemeinde, deren Winkel mit einzigartigen und unvergesslichen Erlebnissen locken.","tots_text":"","tots_link":"","mosaic":[{"titol":"G\u00e4rten von Santa Clotilde","subtitol":"Kultur","imatge":12773,"link_intern_o_extern":"intern","link_intern":16209,"link_extern":null},{"titol":"Abenteueraktivit\u00e4ten","subtitol":"Lloret Abenteuer","imatge":11071,"link_intern_o_extern":"intern","link_intern":15650,"link_extern":null},{"titol":"Festival Fira dels Americanos","subtitol":"Aktivit\u00e4ten","imatge":9711,"link_intern_o_extern":"intern","link_intern":15746,"link_extern":null},{"titol":"Erbe","subtitol":"","imatge":12764,"link_intern_o_extern":"intern","link_intern":17361,"link_extern":null},{"titol":"K\u00fcstenwanderweg","subtitol":"Unternehmungen","imatge":12770,"link_intern_o_extern":"intern","link_intern":13857,"link_extern":null},{"titol":"Lloret Hub","subtitol":"Lloret Hub","imatge":10948,"link_intern_o_extern":"intern","link_intern":13816,"link_extern":null},{"titol":"Outdoor summer festival","subtitol":"Feste","imatge":12700,"link_intern_o_extern":"extern","link_intern":null,"link_extern":{"title":"Lloret Outdoor Summer Festival","url":"https:\/\/lloretdemar.org\/de\/activitat\/lloret-outdoor-summer-festival\/","target":""}},{"titol":"Str\u00e4nde und Buchten","subtitol":"Unternehmungen","imatge":41005,"link_intern_o_extern":"intern","link_intern":13724,"link_extern":null},{"titol":"Lloret Natur","subtitol":"","imatge":11074,"link_intern_o_extern":"intern","link_intern":15644,"link_extern":null}]},"home_mapa":{"titol":"","marques":[{"titol":"Meeresmuseum \u2013 Can Garriga","imatge_marca":12730,"link":16254,"lat":"41.699625","longitud":"2.8485474"},{"titol":"Die G\u00e4rten von Santa Clotilde","imatge_marca":12731,"link":16209,"lat":"41.693517","longitud":"2.8225993"},{"titol":"Die Altstadt","imatge_marca":12732,"link":16303,"lat":"41.6993708","longitud":"2.8446268"},{"titol":"Can Saragossa","imatge_marca":12733,"link":16261,"lat":"41.7045031","longitud":"2.8441219"},{"titol":"Es Tint","imatge_marca":12734,"link":16245,"lat":"41.7008051","longitud":"2.8497858"},{"titol":"Pfarrkirche Sant Rom\u00e0","imatge_marca":12735,"link":17361,"lat":"41.6996285","longitud":"2.8452756"},{"titol":"Can Font","imatge_marca":12736,"link":16225,"lat":"41.7004989","longitud":"2.8446848"},{"titol":"Modernistischer Friedhof","imatge_marca":12737,"link":16249,"lat":"41.7017153","longitud":"2.8340133"},{"titol":"Kapelle Ermita de Santa Cristina","imatge_marca":12738,"link":16192,"lat":"41.6877359","longitud":"2.8140825"},{"titol":"Kapelle Ermita de les Alegries","imatge_marca":12739,"link":16199,"lat":"41.717539","longitud":"2.8273717"},{"titol":"Ausgrabungsst\u00e4tte Tur\u00f3 Rod\u00f3","imatge_marca":12740,"link":16268,"lat":"41.6998781","longitud":"2.8575571"},{"titol":"Burg Sant Joan","imatge_marca":12741,"link":16270,"lat":"41.6947303","longitud":"2.837491"},{"titol":"Kapelle Sants Metges","imatge_marca":12776,"link":16578,"lat":"41.7262498","longitud":"2.8199794"},{"titol":"Ausgrabungsst\u00e4tte von Puig de Castellet","imatge_marca":12777,"link":16576,"lat":"41.716117","longitud":"2.8459514"},{"titol":"Rathaus \u2013 Casa de la Villa","imatge_marca":12778,"link":16216,"lat":"41.6986228","longitud":"2.8454711"},{"titol":"Strand Platja de Lloret","imatge_marca":12745,"link":15851,"lat":"41.6987449","longitud":"2.8479233"},{"titol":"Strand Platja de Fenals","imatge_marca":12746,"link":15863,"lat":"41.6948614","longitud":"2.8325868"},{"titol":"Strand Platja de Santa Cristina","imatge_marca":12747,"link":15866,"lat":"41.6876832","longitud":"2.8158331"},{"titol":"Yachthafen Canyelles","imatge_marca":12748,"link":16573,"lat":"41.7042076","longitud":"2.8811129"},{"titol":"Bucht Cala Boadella","imatge_marca":12779,"link":15895,"lat":"41.6902985","longitud":"2.8212896"},{"titol":"Bucht Sa Caleta","imatge_marca":12780,"link":15882,"lat":"41.7002777","longitud":"2.8553623"},{"titol":"Bucht Cala Banys","imatge_marca":12781,"link":15920,"lat":"41.6953141","longitud":"2.8420178"}]},"home_bloc_respira":{"titol":"Lloret ist das ganze Jahr \u00fcber eine pulsierende und lebendige Stadt","blocs":[{"titol":"Str\u00e4nde","link":13724,"imatge":12719},{"titol":"Shopping","link":17395,"imatge":12758},{"titol":"Gastronomie","link":14751,"imatge":12761},{"titol":"Natur","link":13951,"imatge":12755},{"titol":"Freizeit","link":13160,"imatge":12756},{"titol":"Kultur","link":13881,"imatge":12759},{"titol":"Sport","link":15000,"imatge":12760},{"titol":"Veranstaltungen","link":15746,"imatge":12754}]},"apartats":null},"yoast_head":"<!-- This site is optimized with the Yoast SEO plugin v27.5 - https:\/\/yoast.com\/product\/yoast-seo-wordpress\/ -->\n<title>Home - Lloret de Mar<\/title>\n<meta name=\"robots\" content=\"index, follow, max-snippet:-1, max-image-preview:large, max-video-preview:-1\" \/>\n<link rel=\"canonical\" href=\"https:\/\/lloretdemar.org\/de\/\" \/>\n<meta property=\"og:locale\" content=\"de_DE\" \/>\n<meta property=\"og:type\" content=\"article\" \/>\n<meta property=\"og:title\" content=\"Home - Lloret de Mar\" \/>\n<meta property=\"og:url\" content=\"https:\/\/lloretdemar.org\/de\/\" \/>\n<meta property=\"og:site_name\" content=\"Lloret de Mar\" \/>\n<meta property=\"article:publisher\" content=\"https:\/\/www.facebook.com\/Lloretturisme\" \/>\n<meta property=\"article:modified_time\" content=\"2026-04-30T08:15:50+00:00\" \/>\n<meta property=\"og:image\" content=\"https:\/\/lloretdemar.org\/wp-content\/uploads\/2019\/12\/home_page_1.jpg\" \/>\n\t<meta property=\"og:image:width\" content=\"1920\" \/>\n\t<meta property=\"og:image:height\" content=\"885\" \/>\n\t<meta property=\"og:image:type\" content=\"image\/jpeg\" \/>\n<meta name=\"twitter:card\" content=\"summary_large_image\" \/>\n<meta name=\"twitter:site\" content=\"@lloretturisme\" \/>\n<meta name=\"twitter:label1\" content=\"Gesch\u00e4tzte Lesezeit\" \/>\n\t<meta name=\"twitter:data1\" content=\"1\u00a0Minute\" \/>\n<script type=\"application\/ld+json\" class=\"yoast-schema-graph\">{\"@context\":\"https:\\\/\\\/schema.org\",\"@graph\":[{\"@type\":\"WebPage\",\"@id\":\"https:\\\/\\\/lloretdemar.org\\\/de\\\/\",\"url\":\"https:\\\/\\\/lloretdemar.org\\\/de\\\/\",\"name\":\"Home - Lloret de Mar\",\"isPartOf\":{\"@id\":\"https:\\\/\\\/lloretdemar.org\\\/de\\\/#website\"},\"primaryImageOfPage\":{\"@id\":\"https:\\\/\\\/lloretdemar.org\\\/de\\\/#primaryimage\"},\"image\":{\"@id\":\"https:\\\/\\\/lloretdemar.org\\\/de\\\/#primaryimage\"},\"thumbnailUrl\":\"https:\\\/\\\/lloretdemar.org\\\/wp-content\\\/uploads\\\/2020\\\/02\\\/slide-01.jpg\",\"datePublished\":\"2019-05-23T07:44:13+00:00\",\"dateModified\":\"2026-04-30T08:15:50+00:00\",\"description\":\"Lloret de Mar W\u00e4hlen Sie aus, mit wem Sie verreisen m\u00f6chten, und wir schlagen Ihnen zahlreiche M\u00f6glichkeiten vor, wie Sie das Beste aus Ihrer Zeit in Lloret de Mar machen k\u00f6nnen.\",\"breadcrumb\":{\"@id\":\"https:\\\/\\\/lloretdemar.org\\\/de\\\/#breadcrumb\"},\"inLanguage\":\"de\",\"potentialAction\":[{\"@type\":\"ReadAction\",\"target\":[\"https:\\\/\\\/lloretdemar.org\\\/de\\\/\"]}]},{\"@type\":\"ImageObject\",\"inLanguage\":\"de\",\"@id\":\"https:\\\/\\\/lloretdemar.org\\\/de\\\/#primaryimage\",\"url\":\"https:\\\/\\\/lloretdemar.org\\\/wp-content\\\/uploads\\\/2020\\\/02\\\/slide-01.jpg\",\"contentUrl\":\"https:\\\/\\\/lloretdemar.org\\\/wp-content\\\/uploads\\\/2020\\\/02\\\/slide-01.jpg\",\"width\":1920,\"height\":885},{\"@type\":\"BreadcrumbList\",\"@id\":\"https:\\\/\\\/lloretdemar.org\\\/de\\\/#breadcrumb\",\"itemListElement\":[{\"@type\":\"ListItem\",\"position\":1,\"name\":\"Home\",\"item\":\"https:\\\/\\\/lloretdemar.org\\\/de\\\/\"},{\"@type\":\"ListItem\",\"position\":2,\"name\":\"Home\"}]},{\"@type\":\"WebSite\",\"@id\":\"https:\\\/\\\/lloretdemar.org\\\/de\\\/#website\",\"url\":\"https:\\\/\\\/lloretdemar.org\\\/de\\\/\",\"name\":\"Lloret de Mar\",\"description\":\"\",\"publisher\":{\"@id\":\"https:\\\/\\\/lloretdemar.org\\\/de\\\/#organization\"},\"potentialAction\":[{\"@type\":\"SearchAction\",\"target\":{\"@type\":\"EntryPoint\",\"urlTemplate\":\"https:\\\/\\\/lloretdemar.org\\\/de\\\/?s={search_term_string}\"},\"query-input\":{\"@type\":\"PropertyValueSpecification\",\"valueRequired\":true,\"valueName\":\"search_term_string\"}}],\"inLanguage\":\"de\"},{\"@type\":\"Organization\",\"@id\":\"https:\\\/\\\/lloretdemar.org\\\/de\\\/#organization\",\"name\":\"Lloret de Mar\",\"url\":\"https:\\\/\\\/lloretdemar.org\\\/de\\\/\",\"logo\":{\"@type\":\"ImageObject\",\"inLanguage\":\"de\",\"@id\":\"https:\\\/\\\/lloretdemar.org\\\/de\\\/#\\\/schema\\\/logo\\\/image\\\/\",\"url\":\"https:\\\/\\\/lloretdemar.org\\\/wp-content\\\/uploads\\\/2020\\\/05\\\/lloret-de-mar-logo.png\",\"contentUrl\":\"https:\\\/\\\/lloretdemar.org\\\/wp-content\\\/uploads\\\/2020\\\/05\\\/lloret-de-mar-logo.png\",\"width\":87,\"height\":38,\"caption\":\"Lloret de Mar\"},\"image\":{\"@id\":\"https:\\\/\\\/lloretdemar.org\\\/de\\\/#\\\/schema\\\/logo\\\/image\\\/\"},\"sameAs\":[\"https:\\\/\\\/www.facebook.com\\\/Lloretturisme\",\"https:\\\/\\\/x.com\\\/lloretturisme\",\"https:\\\/\\\/instagram.com\\\/lloretturisme\",\"https:\\\/\\\/www.youtube.com\\\/LloretTurisme\"]}]}<\/script>\n<!-- \/ Yoast SEO plugin. -->","yoast_head_json":{"title":"Home - Lloret de Mar","robots":{"index":"index","follow":"follow","max-snippet":"max-snippet:-1","max-image-preview":"max-image-preview:large","max-video-preview":"max-video-preview:-1"},"canonical":"https:\/\/lloretdemar.org\/de\/","og_locale":"de_DE","og_type":"article","og_title":"Home - Lloret de Mar","og_url":"https:\/\/lloretdemar.org\/de\/","og_site_name":"Lloret de Mar","article_publisher":"https:\/\/www.facebook.com\/Lloretturisme","article_modified_time":"2026-04-30T08:15:50+00:00","og_image":[{"width":1920,"height":885,"url":"https:\/\/lloretdemar.org\/wp-content\/uploads\/2019\/12\/home_page_1.jpg","type":"image\/jpeg"}],"twitter_card":"summary_large_image","twitter_site":"@lloretturisme","twitter_misc":{"Gesch\u00e4tzte Lesezeit":"1\u00a0Minute"},"schema":{"@context":"https:\/\/schema.org","@graph":[{"@type":"WebPage","@id":"https:\/\/lloretdemar.org\/de\/","url":"https:\/\/lloretdemar.org\/de\/","name":"Home - Lloret de Mar","isPartOf":{"@id":"https:\/\/lloretdemar.org\/de\/#website"},"primaryImageOfPage":{"@id":"https:\/\/lloretdemar.org\/de\/#primaryimage"},"image":{"@id":"https:\/\/lloretdemar.org\/de\/#primaryimage"},"thumbnailUrl":"https:\/\/lloretdemar.org\/wp-content\/uploads\/2020\/02\/slide-01.jpg","datePublished":"2019-05-23T07:44:13+00:00","dateModified":"2026-04-30T08:15:50+00:00","description":"Lloret de Mar W\u00e4hlen Sie aus, mit wem Sie verreisen m\u00f6chten, und wir schlagen Ihnen zahlreiche M\u00f6glichkeiten vor, wie Sie das Beste aus Ihrer Zeit in Lloret de Mar machen k\u00f6nnen.","breadcrumb":{"@id":"https:\/\/lloretdemar.org\/de\/#breadcrumb"},"inLanguage":"de","potentialAction":[{"@type":"ReadAction","target":["https:\/\/lloretdemar.org\/de\/"]}]},{"@type":"ImageObject","inLanguage":"de","@id":"https:\/\/lloretdemar.org\/de\/#primaryimage","url":"https:\/\/lloretdemar.org\/wp-content\/uploads\/2020\/02\/slide-01.jpg","contentUrl":"https:\/\/lloretdemar.org\/wp-content\/uploads\/2020\/02\/slide-01.jpg","width":1920,"height":885},{"@type":"BreadcrumbList","@id":"https:\/\/lloretdemar.org\/de\/#breadcrumb","itemListElement":[{"@type":"ListItem","position":1,"name":"Home","item":"https:\/\/lloretdemar.org\/de\/"},{"@type":"ListItem","position":2,"name":"Home"}]},{"@type":"WebSite","@id":"https:\/\/lloretdemar.org\/de\/#website","url":"https:\/\/lloretdemar.org\/de\/","name":"Lloret de Mar","description":"","publisher":{"@id":"https:\/\/lloretdemar.org\/de\/#organization"},"potentialAction":[{"@type":"SearchAction","target":{"@type":"EntryPoint","urlTemplate":"https:\/\/lloretdemar.org\/de\/?s={search_term_string}"},"query-input":{"@type":"PropertyValueSpecification","valueRequired":true,"valueName":"search_term_string"}}],"inLanguage":"de"},{"@type":"Organization","@id":"https:\/\/lloretdemar.org\/de\/#organization","name":"Lloret de Mar","url":"https:\/\/lloretdemar.org\/de\/","logo":{"@type":"ImageObject","inLanguage":"de","@id":"https:\/\/lloretdemar.org\/de\/#\/schema\/logo\/image\/","url":"https:\/\/lloretdemar.org\/wp-content\/uploads\/2020\/05\/lloret-de-mar-logo.png","contentUrl":"https:\/\/lloretdemar.org\/wp-content\/uploads\/2020\/05\/lloret-de-mar-logo.png","width":87,"height":38,"caption":"Lloret de Mar"},"image":{"@id":"https:\/\/lloretdemar.org\/de\/#\/schema\/logo\/image\/"},"sameAs":["https:\/\/www.facebook.com\/Lloretturisme","https:\/\/x.com\/lloretturisme","https:\/\/instagram.com\/lloretturisme","https:\/\/www.youtube.com\/LloretTurisme"]}]}},"_links":{"self":[{"href":"https:\/\/lloretdemar.org\/de\/wp-json\/wp\/v2\/pages\/12695","targetHints":{"allow":["GET"]}}],"collection":[{"href":"https:\/\/lloretdemar.org\/de\/wp-json\/wp\/v2\/pages"}],"about":[{"href":"https:\/\/lloretdemar.org\/de\/wp-json\/wp\/v2\/types\/page"}],"author":[{"embeddable":true,"href":"https:\/\/lloretdemar.org\/de\/wp-json\/wp\/v2\/users\/12"}],"replies":[{"embeddable":true,"href":"https:\/\/lloretdemar.org\/de\/wp-json\/wp\/v2\/comments?post=12695"}],"version-history":[{"count":108,"href":"https:\/\/lloretdemar.org\/de\/wp-json\/wp\/v2\/pages\/12695\/revisions"}],"predecessor-version":[{"id":45156,"href":"https:\/\/lloretdemar.org\/de\/wp-json\/wp\/v2\/pages\/12695\/revisions\/45156"}],"wp:featuredmedia":[{"embeddable":true,"href":"https:\/\/lloretdemar.org\/de\/wp-json\/wp\/v2\/media\/12751"}],"wp:attachment":[{"href":"https:\/\/lloretdemar.org\/de\/wp-json\/wp\/v2\/media?parent=12695"}],"curies":[{"name":"wp","href":"https:\/\/api.w.org\/{rel}","templated":true}]}}